{"id":6,"date":"2014-05-10T20:32:33","date_gmt":"2014-05-10T18:32:33","guid":{"rendered":"http:\/\/pflueger-obstbau.de\/?page_id=6"},"modified":"2025-10-15T22:32:51","modified_gmt":"2025-10-15T20:32:51","slug":"seite-1","status":"publish","type":"page","link":"https:\/\/pflueger-obstbau.de\/","title":{"rendered":"Willkommen bei Pfl\u00fcger Obstbau in Neidlingen"},"content":{"rendered":"\n<h1 class=\"wp-block-heading\">Willkommen bei Pfl\u00fcger Obstbau in Neidlingen<\/h1>\n\n\n\n<h2 class=\"wp-block-heading has-primary-color has-text-color has-link-color wp-elements-fc61f4af603f7ca95907145fd25f0514\">Frisches Obst und Gem\u00fcse direkt von unseren Obstanlagen, den Streuobstwiesen oder vom Feld \u2013 saisonal, regional und mit Liebe angebaut.<\/h2>\n\n\n\n<div class=\"wp-block-columns is-layout-flex wp-container-core-columns-is-layout-128ec5ea wp-block-columns-is-layout-flex\" style=\"margin-top:var(--wp--preset--spacing--40);margin-bottom:var(--wp--preset--spacing--40)\">\n<div class=\"wp-block-column is-layout-flow wp-block-column-is-layout-flow\">\n<h3 class=\"wp-block-heading\">Besuchen Sie unser Verkaufsh\u00e4usle<\/h3>\n\n\n\n<p>In unserem Selbstbedienungs-H\u00e4usle finden Sie je nach Jahreszeit und solange der Vorrat reicht frische Produkte aus eigenem Anbau, abgepackt je nach Art in kleinen Kg- Einheiten.<\/p>\n\n\n\n<p>Bei gr\u00f6\u00dferen Mengen, bestellen Sie diese bitte telefonisch oder per E-Mail vor. &nbsp;<\/p>\n<\/div>\n\n\n\n<div class=\"wp-block-column is-layout-flow wp-block-column-is-layout-flow\">\n<h3 class=\"wp-block-heading\">Unser Sortiment ist saisonal<\/h3>\n\n\n\n<p>Im Juni\/Juli ist Hauptsaison f\u00fcr unsere Kirschen. Wir verkaufen verschiedene Sorten S\u00fc\u00dfkirschen und Sauerkirschen.&nbsp;<\/p>\n\n\n\n<p>Ab August\/September verkaufen wir verschiedne Sorten Kartoffeln, Zwetschgen, Birnen und \u00c4pfel.<\/p>\n\n\n\n<p>Bei einer guten Ernte bieten wir im Herbst dann Fruchts\u00e4fte in praktischen Bag-in-Box Verpackungen (3L &amp; 5L) an.<\/p>\n<\/div>\n<\/div>\n\n\n\n<h2 class=\"wp-block-heading has-primary-color has-text-color has-link-color wp-elements-82d29a992e9901b396d66b9f9db0e015\">Unsere Fruchts\u00e4fte in verschiedenen Sorten:<\/h2>\n\n\n\n<div class=\"wp-block-columns are-vertically-aligned-bottom is-layout-flex wp-container-core-columns-is-layout-128ec5ea wp-block-columns-is-layout-flex\" style=\"margin-top:var(--wp--preset--spacing--40);margin-bottom:var(--wp--preset--spacing--40)\">\n<div class=\"wp-block-column is-vertically-aligned-bottom is-layout-flow wp-block-column-is-layout-flow\">\n<figure class=\"wp-block-image size-full\" style=\"margin-top:0;margin-bottom:0\"><img loading=\"lazy\" decoding=\"async\" width=\"840\" height=\"840\" src=\"http:\/\/pflueger-obstbau.de\/wp-content\/uploads\/2025\/10\/Apfel-web.jpg\" alt=\"\" class=\"wp-image-78\" srcset=\"https:\/\/pflueger-obstbau.de\/wp-content\/uploads\/2025\/10\/Apfel-web.jpg 840w, https:\/\/pflueger-obstbau.de\/wp-content\/uploads\/2025\/10\/Apfel-web-300x300.jpg 300w, https:\/\/pflueger-obstbau.de\/wp-content\/uploads\/2025\/10\/Apfel-web-150x150.jpg 150w, https:\/\/pflueger-obstbau.de\/wp-content\/uploads\/2025\/10\/Apfel-web-768x768.jpg 768w\" sizes=\"auto, (max-width: 840px) 100vw, 840px\" \/><\/figure>\n\n\n\n<h3 class=\"wp-block-heading has-x-large-font-size\" style=\"font-style:normal;font-weight:300;text-transform:uppercase\">Apfel<\/h3>\n\n\n\n<div class=\"wp-block-group has-global-padding is-layout-constrained wp-block-group-is-layout-constrained\" style=\"margin-top:-7px\">\n<p class=\"has-large-font-size\"><strong>5 L<\/strong><\/p>\n<\/div>\n<\/div>\n\n\n\n<div class=\"wp-block-column is-vertically-aligned-bottom is-layout-flow wp-block-column-is-layout-flow\">\n<figure class=\"wp-block-image size-full\" style=\"margin-top:0;margin-bottom:0\"><img loading=\"lazy\" decoding=\"async\" width=\"683\" height=\"683\" src=\"http:\/\/pflueger-obstbau.de\/wp-content\/uploads\/2025\/10\/Quitte-web.jpg\" alt=\"\" class=\"wp-image-80\" srcset=\"https:\/\/pflueger-obstbau.de\/wp-content\/uploads\/2025\/10\/Quitte-web.jpg 683w, https:\/\/pflueger-obstbau.de\/wp-content\/uploads\/2025\/10\/Quitte-web-300x300.jpg 300w, https:\/\/pflueger-obstbau.de\/wp-content\/uploads\/2025\/10\/Quitte-web-150x150.jpg 150w\" sizes=\"auto, (max-width: 683px) 100vw, 683px\" \/><\/figure>\n\n\n\n<h3 class=\"wp-block-heading has-x-large-font-size\" style=\"font-style:normal;font-weight:300;text-transform:uppercase\">Quitte<\/h3>\n\n\n\n<div class=\"wp-block-group has-global-padding is-layout-constrained wp-block-group-is-layout-constrained\" style=\"margin-top:-7px\">\n<p class=\"has-large-font-size\"><strong>3 L<\/strong><\/p>\n<\/div>\n<\/div>\n\n\n\n<div class=\"wp-block-column is-vertically-aligned-bottom is-layout-flow wp-block-column-is-layout-flow\">\n<figure class=\"wp-block-image size-full\" style=\"margin-top:0;margin-bottom:0\"><img loading=\"lazy\" decoding=\"async\" width=\"801\" height=\"801\" src=\"http:\/\/pflueger-obstbau.de\/wp-content\/uploads\/2025\/10\/Aronia-web.jpg\" alt=\"\" class=\"wp-image-79\" srcset=\"https:\/\/pflueger-obstbau.de\/wp-content\/uploads\/2025\/10\/Aronia-web.jpg 801w, https:\/\/pflueger-obstbau.de\/wp-content\/uploads\/2025\/10\/Aronia-web-300x300.jpg 300w, https:\/\/pflueger-obstbau.de\/wp-content\/uploads\/2025\/10\/Aronia-web-150x150.jpg 150w, https:\/\/pflueger-obstbau.de\/wp-content\/uploads\/2025\/10\/Aronia-web-768x768.jpg 768w\" sizes=\"auto, (max-width: 801px) 100vw, 801px\" \/><\/figure>\n\n\n\n<h3 class=\"wp-block-heading has-x-large-font-size\" style=\"font-style:normal;font-weight:300;text-transform:uppercase\">Aronia<\/h3>\n\n\n\n<div class=\"wp-block-group has-global-padding is-layout-constrained wp-block-group-is-layout-constrained\" style=\"margin-top:-7px\">\n<p class=\"has-large-font-size\"><strong>250 ml<\/strong><\/p>\n<\/div>\n<\/div>\n<\/div>\n\n\n\n<div class=\"wp-block-columns are-vertically-aligned-bottom is-layout-flex wp-container-core-columns-is-layout-aa1297ef wp-block-columns-is-layout-flex\" style=\"margin-top:0;margin-bottom:var(--wp--preset--spacing--40)\">\n<div class=\"wp-block-column is-vertically-aligned-bottom is-layout-flow wp-block-column-is-layout-flow\">\n<figure class=\"wp-block-image size-full\" style=\"margin-top:0;margin-bottom:0\"><img loading=\"lazy\" decoding=\"async\" width=\"830\" height=\"830\" src=\"http:\/\/pflueger-obstbau.de\/wp-content\/uploads\/2025\/10\/Apfel-S-Kirsche-web.jpg\" alt=\"\" class=\"wp-image-77\" srcset=\"https:\/\/pflueger-obstbau.de\/wp-content\/uploads\/2025\/10\/Apfel-S-Kirsche-web.jpg 830w, https:\/\/pflueger-obstbau.de\/wp-content\/uploads\/2025\/10\/Apfel-S-Kirsche-web-300x300.jpg 300w, https:\/\/pflueger-obstbau.de\/wp-content\/uploads\/2025\/10\/Apfel-S-Kirsche-web-150x150.jpg 150w, https:\/\/pflueger-obstbau.de\/wp-content\/uploads\/2025\/10\/Apfel-S-Kirsche-web-768x768.jpg 768w\" sizes=\"auto, (max-width: 830px) 100vw, 830px\" \/><\/figure>\n\n\n\n<h3 class=\"wp-block-heading has-x-large-font-size\" style=\"font-style:normal;font-weight:300;text-transform:uppercase\">Apfel<br>Sauerkirsch<\/h3>\n\n\n\n<div class=\"wp-block-group has-global-padding is-layout-constrained wp-block-group-is-layout-constrained\" style=\"margin-top:-7px\">\n<p class=\"has-large-font-size\"><strong>5 L<\/strong><\/p>\n<\/div>\n<\/div>\n\n\n\n<div class=\"wp-block-column is-vertically-aligned-bottom is-layout-flow wp-block-column-is-layout-flow\">\n<figure class=\"wp-block-image size-full\" style=\"margin-top:0;margin-bottom:0\"><img loading=\"lazy\" decoding=\"async\" width=\"936\" height=\"936\" src=\"http:\/\/pflueger-obstbau.de\/wp-content\/uploads\/2025\/10\/Apfel-Quitte-web.jpg\" alt=\"\" class=\"wp-image-76\" srcset=\"https:\/\/pflueger-obstbau.de\/wp-content\/uploads\/2025\/10\/Apfel-Quitte-web.jpg 936w, https:\/\/pflueger-obstbau.de\/wp-content\/uploads\/2025\/10\/Apfel-Quitte-web-300x300.jpg 300w, https:\/\/pflueger-obstbau.de\/wp-content\/uploads\/2025\/10\/Apfel-Quitte-web-150x150.jpg 150w, https:\/\/pflueger-obstbau.de\/wp-content\/uploads\/2025\/10\/Apfel-Quitte-web-768x768.jpg 768w\" sizes=\"auto, (max-width: 936px) 100vw, 936px\" \/><\/figure>\n\n\n\n<h3 class=\"wp-block-heading has-x-large-font-size\" style=\"font-style:normal;font-weight:300;text-transform:uppercase\">Apfel<br>Quitte<\/h3>\n\n\n\n<div class=\"wp-block-group has-global-padding is-layout-constrained wp-block-group-is-layout-constrained\" style=\"margin-top:-7px\">\n<p class=\"has-large-font-size\"><strong>3 L<\/strong><\/p>\n<\/div>\n<\/div>\n\n\n\n<div class=\"wp-block-column is-vertically-aligned-bottom is-layout-flow wp-block-column-is-layout-flow\">\n<figure class=\"wp-block-image size-full\" style=\"margin-top:0;margin-bottom:0\"><img loading=\"lazy\" decoding=\"async\" width=\"868\" height=\"868\" src=\"http:\/\/pflueger-obstbau.de\/wp-content\/uploads\/2025\/10\/Apfel-Aronia-web.jpg\" alt=\"\" class=\"wp-image-75\" srcset=\"https:\/\/pflueger-obstbau.de\/wp-content\/uploads\/2025\/10\/Apfel-Aronia-web.jpg 868w, https:\/\/pflueger-obstbau.de\/wp-content\/uploads\/2025\/10\/Apfel-Aronia-web-300x300.jpg 300w, https:\/\/pflueger-obstbau.de\/wp-content\/uploads\/2025\/10\/Apfel-Aronia-web-150x150.jpg 150w, https:\/\/pflueger-obstbau.de\/wp-content\/uploads\/2025\/10\/Apfel-Aronia-web-768x768.jpg 768w\" sizes=\"auto, (max-width: 868px) 100vw, 868px\" \/><\/figure>\n\n\n\n<h3 class=\"wp-block-heading has-x-large-font-size\" style=\"font-style:normal;font-weight:300;text-transform:uppercase\">APFEL<br>Aronia<\/h3>\n\n\n\n<div class=\"wp-block-group has-global-padding is-layout-constrained wp-block-group-is-layout-constrained\" style=\"margin-top:-7px\">\n<p class=\"has-large-font-size\"><strong>3 L<\/strong><\/p>\n<\/div>\n<\/div>\n<\/div>\n\n\n\n<div style=\"height:var(--wp--preset--spacing--40)\" aria-hidden=\"true\" class=\"wp-block-spacer\"><\/div>\n\n\n\n<h2 class=\"wp-block-heading\">Schauen Sie vorbei oder nehmen Sie mit uns Kontakt auf.<\/h2>\n\n\n\n<p>Sie finden unser Selbstbedienungs-H\u00e4usle in 73272 Neidlingen, am Fu\u00dfe der schw\u00e4bischen Alb.<\/p>\n","protected":false},"excerpt":{"rendered":"<p>Willkommen bei Pfl\u00fcger Obstbau in Neidlingen Frisches Obst und Gem\u00fcse direkt von unseren Obstanlagen, den Streuobstwiesen oder vom Feld \u2013 saisonal, regional und mit Liebe angebaut. Besuchen Sie unser Verkaufsh\u00e4usle In unserem Selbstbedienungs-H\u00e4usle finden Sie je nach Jahreszeit und solange der Vorrat reicht frische Produkte aus eigenem Anbau, abgepackt je nach Art in kleinen Kg- [&hellip;]<\/p>\n","protected":false},"author":2,"featured_media":29,"parent":0,"menu_order":0,"comment_status":"closed","ping_status":"closed","template":"page-fullwidth.php","meta":{"footnotes":""},"class_list":["post-6","page","type-page","status-publish","has-post-thumbnail","hentry"],"_links":{"self":[{"href":"https:\/\/pflueger-obstbau.de\/index.php?rest_route=\/wp\/v2\/pages\/6","targetHints":{"allow":["GET"]}}],"collection":[{"href":"https:\/\/pflueger-obstbau.de\/index.php?rest_route=\/wp\/v2\/pages"}],"about":[{"href":"https:\/\/pflueger-obstbau.de\/index.php?rest_route=\/wp\/v2\/types\/page"}],"author":[{"embeddable":true,"href":"https:\/\/pflueger-obstbau.de\/index.php?rest_route=\/wp\/v2\/users\/2"}],"replies":[{"embeddable":true,"href":"https:\/\/pflueger-obstbau.de\/index.php?rest_route=%2Fwp%2Fv2%2Fcomments&post=6"}],"version-history":[{"count":25,"href":"https:\/\/pflueger-obstbau.de\/index.php?rest_route=\/wp\/v2\/pages\/6\/revisions"}],"predecessor-version":[{"id":109,"href":"https:\/\/pflueger-obstbau.de\/index.php?rest_route=\/wp\/v2\/pages\/6\/revisions\/109"}],"wp:featuredmedia":[{"embeddable":true,"href":"https:\/\/pflueger-obstbau.de\/index.php?rest_route=\/wp\/v2\/media\/29"}],"wp:attachment":[{"href":"https:\/\/pflueger-obstbau.de\/index.php?rest_route=%2Fwp%2Fv2%2Fmedia&parent=6"}],"curies":[{"name":"wp","href":"https:\/\/api.w.org\/{rel}","templated":true}]}}